{"id":1148,"date":"2025-07-02T12:28:46","date_gmt":"2025-07-02T12:28:46","guid":{"rendered":"https:\/\/sv07017.informatik.uni-giessen.de\/?page_id=1148"},"modified":"2025-07-09T13:14:04","modified_gmt":"2025-07-09T13:14:04","slug":"neuronale-netze","status":"publish","type":"page","link":"https:\/\/sv07017.informatik.uni-giessen.de\/en\/neuronale-netze\/","title":{"rendered":"neural nets"},"content":{"rendered":"<p>Unterrichtsmaterial, das die Funktionsweise von Neuronalen Netzen schrittweise und interaktiv vermittelt und die gewonnenen Erkenntnisse, die Modellvorstellungen hinter KI, sowie die Auswirkungen auf Individuum und Gesellschaft kritisch reflektiert.<\/p>\n\n\n\n<hr class=\"wp-block-separator has-alpha-channel-opacity\"\/>\n\n\n\n<figure class=\"wp-block-table is-style-stripes\"><table class=\"has-fixed-layout\"><tbody><tr><td><strong>Zielgruppe<\/strong><\/td><td>Sekundarstufe II und h\u00f6her<\/td><\/tr><tr><td><strong>Um was geht&#8217;s?<\/strong><\/td><td>K\u00fcnstliche Intelligenz hat l\u00e4ngst den Weg in die Lebenswelt von Sch\u00fcler:innen und Studierenden gefunden. Hinter den KI-Anwendungen verbergen sich oftmals Neuronale Netze. Einerseits vermittelt das Material die Funktionsweise von Neuronalen Netzen schrittweise und interaktiv. Andererseits werden die gewonnen Erkenntnisse, die Modellvorstellungen hinter der KI, sowie die Auswirkungen auf Individuum und Gesellschaft kritisch bewertet.<\/td><\/tr><tr><td><strong>Inhalt kurzgefasst<\/strong><\/td><td>&#8211; das Neuron und sein \u00dcbertragungsverhalten<br>&#8211; wie Neuronen zu einem Neuronalen Netz kombiniert werden<br>&#8211; wie L\u00f6sungen durch eine Verlustfunktion quantifiziert werden k\u00f6nnen<br>&#8211; was es mit dem Gradientenabstieg auf sich hat<br>&#8211; gr\u00f6\u00dfere Neuronale Netze testen und bewerten<br>&#8211; Bewerten der Modellvorstellungen hinter KI<br>&#8211; Second-Use von KI-Modellen kritisch hinterfragen<br>&#8211; Diskriminierung und Bias von KI verdeutlichen<br>&#8211; Klickarbeit kritisch bewerten<\/td><\/tr><tr><td><strong>Wie geht&#8217;s?<\/strong><\/td><td>Das Material wird in einzelnen Lerneinheiten online bearbeitet. Die interaktiven Aufgaben sind als Applikationen in die Lerneinheiten integriert.<\/td><\/tr><\/tbody><\/table><\/figure>\n\n\n\n<hr class=\"wp-block-separator has-alpha-channel-opacity\"\/>\n\n\n\n<ul class=\"wp-block-list\">\n<li><a href=\"https:\/\/sv07017.informatik.uni-giessen.de\/en\/hunde-und-katzen-mithilfe-von-geraden-unterscheiden\/\" data-type=\"page\" data-id=\"1174\">using lines to differ between cats and dogs<\/a><\/li>\n\n\n\n<li><a href=\"https:\/\/sv07017.informatik.uni-giessen.de\/en\/probleme-beim-kategorisieren\/\" data-type=\"page\" data-id=\"1178\">problems with categorizing<\/a><\/li>\n\n\n\n<li><a href=\"https:\/\/sv07017.informatik.uni-giessen.de\/en\/von-geraden-zu-neuronen-zu-neuronalen-netzen\/\" data-type=\"page\" data-id=\"1181\">from lines to neurons to neural nets<\/a><\/li>\n\n\n\n<li><a href=\"https:\/\/sv07017.informatik.uni-giessen.de\/en\/auswirkungen-der-trainingsdaten-nachvollziehen\/\" data-type=\"page\" data-id=\"1183\">understanding the impact of training data<\/a><\/li>\n<\/ul>\n\n\n\n<p><\/p>","protected":false},"excerpt":{"rendered":"<p>Unterrichtsmaterial, das die Funktionsweise von Neuronalen Netzen schrittweise und interaktiv vermittelt und die gewonnenen Erkenntnisse, die Modellvorstellungen hinter KI, sowie die Auswirkungen auf Individuum und Gesellschaft kritisch reflektiert. Zielgruppe Sekundarstufe II und h\u00f6her Um was geht&#8217;s? K\u00fcnstliche Intelligenz hat l\u00e4ngst den Weg in die Lebenswelt von Sch\u00fcler:innen und Studierenden gefunden. Hinter den KI-Anwendungen verbergen sich [&hellip;]<\/p>","protected":false},"author":1,"featured_media":0,"parent":0,"menu_order":0,"comment_status":"closed","ping_status":"closed","template":"","meta":{"footnotes":""},"class_list":["post-1148","page","type-page","status-publish","hentry"],"_links":{"self":[{"href":"https:\/\/sv07017.informatik.uni-giessen.de\/en\/wp-json\/wp\/v2\/pages\/1148","targetHints":{"allow":["GET"]}}],"collection":[{"href":"https:\/\/sv07017.informatik.uni-giessen.de\/en\/wp-json\/wp\/v2\/pages"}],"about":[{"href":"https:\/\/sv07017.informatik.uni-giessen.de\/en\/wp-json\/wp\/v2\/types\/page"}],"author":[{"embeddable":true,"href":"https:\/\/sv07017.informatik.uni-giessen.de\/en\/wp-json\/wp\/v2\/users\/1"}],"replies":[{"embeddable":true,"href":"https:\/\/sv07017.informatik.uni-giessen.de\/en\/wp-json\/wp\/v2\/comments?post=1148"}],"version-history":[{"count":5,"href":"https:\/\/sv07017.informatik.uni-giessen.de\/en\/wp-json\/wp\/v2\/pages\/1148\/revisions"}],"predecessor-version":[{"id":1196,"href":"https:\/\/sv07017.informatik.uni-giessen.de\/en\/wp-json\/wp\/v2\/pages\/1148\/revisions\/1196"}],"wp:attachment":[{"href":"https:\/\/sv07017.informatik.uni-giessen.de\/en\/wp-json\/wp\/v2\/media?parent=1148"}],"curies":[{"name":"wp","href":"https:\/\/api.w.org\/{rel}","templated":true}]}}