{"id":1165,"date":"2025-07-03T09:33:10","date_gmt":"2025-07-03T09:33:10","guid":{"rendered":"https:\/\/sv07017.informatik.uni-giessen.de\/?page_id=1165"},"modified":"2025-07-03T09:58:22","modified_gmt":"2025-07-03T09:58:22","slug":"impressum","status":"publish","type":"page","link":"https:\/\/sv07017.informatik.uni-giessen.de\/en\/impressum\/","title":{"rendered":"legal notice"},"content":{"rendered":"<p>Owner of the site:<\/p>\n\n\n\n<p>Institut f\u00fcr Informatik, Justus-Liebig-Universit\u00e4t Gie\u00dfen, Arndtstr.2, 35392 Gie\u00dfen<\/p>\n\n\n\n<p>contact: Marcel Knapp, marcel.knapp@uni-giessen.de<\/p>\n\n\n\n<p><\/p>\n\n\n\n<p>Content of this side is licensed under:<\/p>\n\n\n\n<div class=\"wp-block-columns is-layout-flex wp-container-core-columns-is-layout-28f84493 wp-block-columns-is-layout-flex\">\n<div class=\"wp-block-column is-layout-flow wp-block-column-is-layout-flow\">\n<div class=\"wp-block-media-text alignwide is-stacked-on-mobile is-vertically-aligned-center\" style=\"grid-template-columns:18% auto\"><figure class=\"wp-block-media-text__media\"><img decoding=\"async\" src=\"http:\/\/digll.informatik.uni-giessen.de\/wp-content\/uploads\/2021\/01\/by-sa.png\" alt=\"\" class=\"wp-image-1472 size-full\"\/><\/figure><div class=\"wp-block-media-text__content\">\n<p class=\"has-large-font-size\"><\/p>\n<\/div><\/div>\n<\/div>\n<\/div>","protected":false},"excerpt":{"rendered":"<p>Betreiber der Seite: Institut f\u00fcr Informatik, Justus-Liebig-Universit\u00e4t Gie\u00dfen, Arndtstr.2, 35392 Gie\u00dfen Kontakt: Marcel Knapp, marcel.knapp@uni-giessen.de Alle Inhalte dieser Seite sind unter folgender Lizenz ver\u00f6ffentlicht:<\/p>","protected":false},"author":1,"featured_media":0,"parent":0,"menu_order":0,"comment_status":"closed","ping_status":"closed","template":"","meta":{"footnotes":""},"class_list":["post-1165","page","type-page","status-publish","hentry"],"_links":{"self":[{"href":"https:\/\/sv07017.informatik.uni-giessen.de\/en\/wp-json\/wp\/v2\/pages\/1165","targetHints":{"allow":["GET"]}}],"collection":[{"href":"https:\/\/sv07017.informatik.uni-giessen.de\/en\/wp-json\/wp\/v2\/pages"}],"about":[{"href":"https:\/\/sv07017.informatik.uni-giessen.de\/en\/wp-json\/wp\/v2\/types\/page"}],"author":[{"embeddable":true,"href":"https:\/\/sv07017.informatik.uni-giessen.de\/en\/wp-json\/wp\/v2\/users\/1"}],"replies":[{"embeddable":true,"href":"https:\/\/sv07017.informatik.uni-giessen.de\/en\/wp-json\/wp\/v2\/comments?post=1165"}],"version-history":[{"count":3,"href":"https:\/\/sv07017.informatik.uni-giessen.de\/en\/wp-json\/wp\/v2\/pages\/1165\/revisions"}],"predecessor-version":[{"id":1173,"href":"https:\/\/sv07017.informatik.uni-giessen.de\/en\/wp-json\/wp\/v2\/pages\/1165\/revisions\/1173"}],"wp:attachment":[{"href":"https:\/\/sv07017.informatik.uni-giessen.de\/en\/wp-json\/wp\/v2\/media?parent=1165"}],"curies":[{"name":"wp","href":"https:\/\/api.w.org\/{rel}","templated":true}]}}